{"id":112,"date":"2022-12-19T11:48:17","date_gmt":"2022-12-19T10:48:17","guid":{"rendered":"https:\/\/ecoleardelay.net\/?page_id=112"},"modified":"2022-12-20T08:15:17","modified_gmt":"2022-12-20T07:15:17","slug":"mentions-legales","status":"publish","type":"page","link":"https:\/\/ecoleardelay.net\/index.php\/mentions-legales\/","title":{"rendered":"Mentions l\u00e9gales"},"content":{"rendered":"\t\t<div data-elementor-type=\"wp-page\" data-elementor-id=\"112\" class=\"elementor elementor-112\" data-elementor-settings=\"{&quot;ha_cmc_init_switcher&quot;:&quot;no&quot;}\">\n\t\t\t\t\t\t<section class=\"elementor-section elementor-top-section elementor-element elementor-element-909e0a2 elementor-section-boxed elementor-section-height-default elementor-section-height-default\" data-id=\"909e0a2\" data-element_type=\"section\" data-e-type=\"section\" data-settings=\"{&quot;_ha_eqh_enable&quot;:false}\">\n\t\t\t\t\t\t<div class=\"elementor-container elementor-column-gap-default\">\n\t\t\t\t\t<div class=\"elementor-column elementor-col-100 elementor-top-column elementor-element elementor-element-9d35413\" data-id=\"9d35413\" data-element_type=\"column\" data-e-type=\"column\">\n\t\t\t<div class=\"elementor-widget-wrap elementor-element-populated\">\n\t\t\t\t\t\t<div class=\"elementor-element elementor-element-1a98863 elementor-widget__width-inherit ha-has-bg-overlay elementor-widget elementor-widget-heading\" data-id=\"1a98863\" data-element_type=\"widget\" data-e-type=\"widget\" data-settings=\"{&quot;_animation&quot;:&quot;none&quot;}\" data-widget_type=\"heading.default\">\n\t\t\t\t<div class=\"elementor-widget-container\">\n\t\t\t\t\t<h2 class=\"elementor-heading-title elementor-size-default\">Mentions l\u00e9gales<\/h2>\t\t\t\t<\/div>\n\t\t\t\t<\/div>\n\t\t\t\t\t<\/div>\n\t\t<\/div>\n\t\t\t\t\t<\/div>\n\t\t<\/section>\n\t\t\t\t<section class=\"elementor-section elementor-top-section elementor-element elementor-element-71582d7 elementor-section-boxed elementor-section-height-default elementor-section-height-default\" data-id=\"71582d7\" data-element_type=\"section\" data-e-type=\"section\" data-settings=\"{&quot;_ha_eqh_enable&quot;:false}\">\n\t\t\t\t\t\t<div class=\"elementor-container elementor-column-gap-default\">\n\t\t\t\t\t<div class=\"elementor-column elementor-col-100 elementor-top-column elementor-element elementor-element-0af33e7\" data-id=\"0af33e7\" data-element_type=\"column\" data-e-type=\"column\">\n\t\t\t<div class=\"elementor-widget-wrap elementor-element-populated\">\n\t\t\t\t\t\t<div class=\"elementor-element elementor-element-13c94ad elementor-widget elementor-widget-text-editor\" data-id=\"13c94ad\" data-element_type=\"widget\" data-e-type=\"widget\" data-widget_type=\"text-editor.default\">\n\t\t\t\t<div class=\"elementor-widget-container\">\n\t\t\t\t\t\t\t\t\t<p><strong>En application de la loi n\u00b02004-575 du 21 juin 2004 relative \u00e0 la confiance dans l\u2019\u00e9conomie num\u00e9rique, vous trouverez ci-dessous les informations l\u00e9gales concernant ce site : <\/strong><\/p><p><strong>Renseignements g\u00e9n\u00e9raux\u00a0:<br \/><\/strong>Le pr\u00e9sent site est la propri\u00e9t\u00e9 de l\u2019Ecole Saint Sauveur<br \/>Responsable de la publication : Mme MENARD M\u00e9lanie, cheffe d&rsquo;\u00e9tablissement de l&rsquo;\u00e9cole Saint Sauveur.<br \/>Responsables \u00e9ditoriaux\u00a0:<br \/>&#8211;\u00a0 Mme MENARD (Cheffe d\u2019\u00e9tablissement)<br \/>&#8211;\u00a0 l\u2019\u00e9quipe enseignante<\/p><p><strong>Protection des donn\u00e9es personnelles<\/strong><br \/>Conform\u00e9ment \u00e0 la loi Informatique et Libert\u00e9s du 6 janvier 1978 (art. 34), vous disposez d\u2019un droit d\u2019acc\u00e8s, de rectification ou de suppression concernant les donn\u00e9es personnelles que nous pourrions \u00eatre amen\u00e9s \u00e0 recueillir (donn\u00e9es renseign\u00e9es par vous).<\/p><p>Pour en savoir plus sur notre politique de confidentialit\u00e9, vous pouvez consulter notre page:<\/p><p style=\"text-align: center;\"><a href=\"http:\/\/ecoleardelay.net\/wp-content\/uploads\/2022\/12\/politique-confidentialite-declaration-vie-privee.pdf\"><strong>D\u00e9claration de protection de la vie priv\u00e9e<\/strong><\/a><\/p><p><strong>Droits d\u2019auteur <\/strong><br \/>Tous les articles et documents de ce site sont sous licence Cr\u00e9ative Commons. Vous pouvez les t\u00e9l\u00e9charger et les utiliser \u00e0 des fins p\u00e9dagogiques. Nous vous demandons de conserver la source.<\/p><p>Malgr\u00e9 tous les soins apport\u00e9s \u00e0 la r\u00e9alisation de ce site et \u00e0 son actualisation r\u00e9guli\u00e8re, des erreurs peuvent s\u2019\u00eatre gliss\u00e9es dans les informations et\/ou documents pr\u00e9sent\u00e9s. Si vous en constatez n\u2019h\u00e9sitez pas \u00e0 nous le faire savoir en nous contactant, nous proc\u00e9derons aux rectifications correspondantes.<\/p><p><strong>Liens hypertextes<\/strong><br \/>Ce site contient des liens hypertextes permettant l\u2019acc\u00e8s \u00e0 des sites qui ne sont pas \u00e9dit\u00e9s par le responsable de ce site. En cons\u00e9quence, il ne saurait \u00eatre tenu pour responsable du contenu des sites auxquels l\u2019internaute aurait ainsi acc\u00e8s.<\/p><p>Il est formellement interdit de collecter et d\u2019utiliser les informations disponibles sur le site \u00e0 des fins commerciales. Cette interdiction s\u2019\u00e9tend notamment, sans que cette liste ne soit limitative, \u00e0 tout \u00e9l\u00e9ment r\u00e9dactionnel figurant sur le site, \u00e0 la pr\u00e9sentation des \u00e9crans, aux logiciels n\u00e9cessaires \u00e0 l\u2019exploitation, aux logos, images, photos, graphiques, de quelque nature qu\u2019ils soient.<\/p><p><strong>Renseignements techniques<\/strong><br \/>Le site est r\u00e9alis\u00e9 par l\u2019\u00e9quipe \u00e9ducative de l\u2019Ecole Saint Sauveur d&rsquo;Ardelay aux Herbiers.<br \/>Il est h\u00e9berg\u00e9 sur les serveurs de la soci\u00e9t\u00e9 <a href=\"https:\/\/www.ovh.com\/fr\/index.xml\">OVH<\/a>.<\/p><p>OVH<br \/>2 rue Kellermann<br \/>59100 Roubaix &#8211; France<\/p><p>Il est construit avec le logiciel <a href=\"https:\/\/fr.wordpress.org\/\"><strong>WordPress<\/strong><\/a>,\u00a0 syst\u00e8me de gestion de contenu (CMS), logiciel libre sous licence open-source, en l\u2019occurrence la GPLv2 (<a href=\"http:\/\/fr.wikipedia.org\/wiki\/Licence_publique_g%C3%A9n%C3%A9rale_GNU\">GNU Public License<\/a>).<\/p>\t\t\t\t\t\t\t\t<\/div>\n\t\t\t\t<\/div>\n\t\t\t\t\t<\/div>\n\t\t<\/div>\n\t\t\t\t\t<\/div>\n\t\t<\/section>\n\t\t\t\t<\/div>\n\t\t","protected":false},"excerpt":{"rendered":"<p>Mentions l\u00e9gales En application de la loi n\u00b02004-575 du 21 juin 2004 relative \u00e0 la confiance dans l\u2019\u00e9conomie num\u00e9rique, vous trouverez ci-dessous les informations l\u00e9gales concernant ce site : Renseignements g\u00e9n\u00e9raux\u00a0:Le pr\u00e9sent site est la propri\u00e9t\u00e9 de l\u2019Ecole Saint SauveurResponsable de la publication : Mme MENARD M\u00e9lanie, cheffe d&rsquo;\u00e9tablissement de l&rsquo;\u00e9cole Saint Sauveur.Responsables \u00e9ditoriaux\u00a0:&#8211;\u00a0 Mme [&hellip;]<\/p>\n","protected":false},"author":1,"featured_media":0,"parent":0,"menu_order":0,"comment_status":"closed","ping_status":"closed","template":"","meta":{"site-sidebar-layout":"no-sidebar","site-content-layout":"page-builder","ast-site-content-layout":"default","site-content-style":"default","site-sidebar-style":"default","ast-global-header-display":"","ast-banner-title-visibility":"","ast-main-header-display":"","ast-hfb-above-header-display":"","ast-hfb-below-header-display":"","ast-hfb-mobile-header-display":"","site-post-title":"disabled","ast-breadcrumbs-content":"","ast-featured-img":"disabled","footer-sml-layout":"","ast-disable-related-posts":"","theme-transparent-header-meta":"","adv-header-id-meta":"","stick-header-meta":"","header-above-stick-meta":"","header-main-stick-meta":"","header-below-stick-meta":"","astra-migrate-meta-layouts":"default","ast-page-background-enabled":"default","ast-page-background-meta":{"desktop":{"background-color":"var(--ast-global-color-4)","background-image":"","background-repeat":"repeat","background-position":"center center","background-size":"auto","background-attachment":"scroll","background-type":"","background-media":"","overlay-type":"","overlay-color":"","overlay-opacity":"","overlay-gradient":""},"tablet":{"background-color":"","background-image":"","background-repeat":"repeat","background-position":"center center","background-size":"auto","background-attachment":"scroll","background-type":"","background-media":"","overlay-type":"","overlay-color":"","overlay-opacity":"","overlay-gradient":""},"mobile":{"background-color":"","background-image":"","background-repeat":"repeat","background-position":"center center","background-size":"auto","background-attachment":"scroll","background-type":"","background-media":"","overlay-type":"","overlay-color":"","overlay-opacity":"","overlay-gradient":""}},"ast-content-background-meta":{"desktop":{"background-color":"var(--ast-global-color-5)","background-image":"","background-repeat":"repeat","background-position":"center center","background-size":"auto","background-attachment":"scroll","background-type":"","background-media":"","overlay-type":"","overlay-color":"","overlay-opacity":"","overlay-gradient":""},"tablet":{"background-color":"var(--ast-global-color-5)","background-image":"","background-repeat":"repeat","background-position":"center center","background-size":"auto","background-attachment":"scroll","background-type":"","background-media":"","overlay-type":"","overlay-color":"","overlay-opacity":"","overlay-gradient":""},"mobile":{"background-color":"var(--ast-global-color-5)","background-image":"","background-repeat":"repeat","background-position":"center center","background-size":"auto","background-attachment":"scroll","background-type":"","background-media":"","overlay-type":"","overlay-color":"","overlay-opacity":"","overlay-gradient":""}},"footnotes":""},"class_list":["post-112","page","type-page","status-publish","hentry"],"_links":{"self":[{"href":"https:\/\/ecoleardelay.net\/index.php\/wp-json\/wp\/v2\/pages\/112","targetHints":{"allow":["GET"]}}],"collection":[{"href":"https:\/\/ecoleardelay.net\/index.php\/wp-json\/wp\/v2\/pages"}],"about":[{"href":"https:\/\/ecoleardelay.net\/index.php\/wp-json\/wp\/v2\/types\/page"}],"author":[{"embeddable":true,"href":"https:\/\/ecoleardelay.net\/index.php\/wp-json\/wp\/v2\/users\/1"}],"replies":[{"embeddable":true,"href":"https:\/\/ecoleardelay.net\/index.php\/wp-json\/wp\/v2\/comments?post=112"}],"version-history":[{"count":22,"href":"https:\/\/ecoleardelay.net\/index.php\/wp-json\/wp\/v2\/pages\/112\/revisions"}],"predecessor-version":[{"id":266,"href":"https:\/\/ecoleardelay.net\/index.php\/wp-json\/wp\/v2\/pages\/112\/revisions\/266"}],"wp:attachment":[{"href":"https:\/\/ecoleardelay.net\/index.php\/wp-json\/wp\/v2\/media?parent=112"}],"curies":[{"name":"wp","href":"https:\/\/api.w.org\/{rel}","templated":true}]}}