{"id":43,"date":"2022-12-13T09:15:44","date_gmt":"2022-12-13T08:15:44","guid":{"rendered":"https:\/\/ecoleardelay.net\/?page_id=43"},"modified":"2025-01-31T09:03:07","modified_gmt":"2025-01-31T08:03:07","slug":"apel","status":"publish","type":"page","link":"https:\/\/ecoleardelay.net\/index.php\/apel\/","title":{"rendered":"APEL"},"content":{"rendered":"\t\t<div data-elementor-type=\"wp-page\" data-elementor-id=\"43\" class=\"elementor elementor-43\" data-elementor-settings=\"{&quot;ha_cmc_init_switcher&quot;:&quot;no&quot;}\">\n\t\t\t\t\t\t<section class=\"elementor-section elementor-top-section elementor-element elementor-element-c17afd9 elementor-section-boxed elementor-section-height-default elementor-section-height-default\" data-id=\"c17afd9\" data-element_type=\"section\" data-e-type=\"section\" data-settings=\"{&quot;_ha_eqh_enable&quot;:false}\">\n\t\t\t\t\t\t<div class=\"elementor-container elementor-column-gap-default\">\n\t\t\t\t\t<div class=\"elementor-column elementor-col-100 elementor-top-column elementor-element elementor-element-df65128\" data-id=\"df65128\" data-element_type=\"column\" data-e-type=\"column\">\n\t\t\t<div class=\"elementor-widget-wrap elementor-element-populated\">\n\t\t\t\t\t\t<div class=\"elementor-element elementor-element-627ca3a ha-has-bg-overlay elementor-invisible elementor-widget elementor-widget-heading\" data-id=\"627ca3a\" data-element_type=\"widget\" data-e-type=\"widget\" data-settings=\"{&quot;_animation&quot;:&quot;fadeInLeft&quot;}\" data-widget_type=\"heading.default\">\n\t\t\t\t<div class=\"elementor-widget-container\">\n\t\t\t\t\t<h2 class=\"elementor-heading-title elementor-size-default\">APEL<\/h2>\t\t\t\t<\/div>\n\t\t\t\t<\/div>\n\t\t\t\t\t<\/div>\n\t\t<\/div>\n\t\t\t\t\t<\/div>\n\t\t<\/section>\n\t\t\t\t<section class=\"elementor-section elementor-top-section elementor-element elementor-element-1c74c7e elementor-section-boxed elementor-section-height-default elementor-section-height-default\" data-id=\"1c74c7e\" data-element_type=\"section\" data-e-type=\"section\" data-settings=\"{&quot;_ha_eqh_enable&quot;:false}\">\n\t\t\t\t\t\t<div class=\"elementor-container elementor-column-gap-default\">\n\t\t\t\t\t<div class=\"elementor-column elementor-col-100 elementor-top-column elementor-element elementor-element-5fadbb9\" data-id=\"5fadbb9\" data-element_type=\"column\" data-e-type=\"column\">\n\t\t\t<div class=\"elementor-widget-wrap elementor-element-populated\">\n\t\t\t\t\t\t<div class=\"elementor-element elementor-element-b2e4e77 elementor-widget elementor-widget-text-editor\" data-id=\"b2e4e77\" data-element_type=\"widget\" data-e-type=\"widget\" data-widget_type=\"text-editor.default\">\n\t\t\t\t<div class=\"elementor-widget-container\">\n\t\t\t\t\t\t\t\t\t<p>La premi\u00e8re APEL a \u00e9t\u00e9 cr\u00e9\u00e9e \u00e0 Marseille en 1930, par des parents d\u2019\u00e9l\u00e8ves d\u00e9sireux d\u2019\u00eatre associ\u00e9s \u00e0 la vie des \u00e9tablissements scolaires de leurs enfants. Aujourd\u2019hui, nous nous engageons pour l\u2019avenir de 2 millions d\u2019enfants dont les parents ontlibrement choisi un \u00e9tablissement scolaire et son projet \u00e9ducatif.<\/p>\n<p>C\u2019est \u00e9galement la seule association reconnue dans le Statut de l\u2019Enseignement Catholique.<\/p>\n<p>L\u2019APEL est constitu\u00e9e en Mouvement de 4 niveaux :<\/p>\n<p><strong>01 &#8211; En \u00e9tablissement scolaire<br><\/strong>Les APEL d\u2019\u00e9tablissement agissent et s\u2019impliquent dans la vie des \u00e9tablissements scolaires. Elles ont la responsabilit\u00e9 de repr\u00e9senter les parents au sein des communaut\u00e9s \u00e9ducatives et des pouvoirs publics de leur commune. Dans l\u2019\u00e9tablissement, le r\u00f4le de l\u2019APEL s\u2019arr\u00eate quand la p\u00e9dagogie, domaine exclusif au corps enseignant, commence.<\/p>\n<p><strong>02- En d\u00e9partement<br><\/strong>Les APEL d\u00e9partementales accompagnent aussi les parents du d\u00e9partement dans leur t\u00e2che \u00e9ducative au travers des diff\u00e9rents services qu\u2019elles leur offrent. Elles les repr\u00e9sentent dans toutes les instances d\u00e9partementales et celles de l\u2019Enseignement catholique. Elles sont un soutien pour les APEL d\u2019\u00e9tablissement qu\u2019elles accompagnent par leurs formations et leurs services sp\u00e9cifiques.<\/p>\n<p><strong>03- En acad\u00e9mie<br><\/strong>Les APEL acad\u00e9miques repr\u00e9sentent toutes les familles aupr\u00e8s des instances de l\u2019acad\u00e9mie en rapport avec l\u2019Enseignement (Rectorat, Agence r\u00e9gionale de l\u2019orientation, Comit\u00e9 acad\u00e9mique de l\u2019Enseignement catholique&#8230;). Elles soutiennent et f\u00e9d\u00e8rent les APEL d\u00e9partementales par la formation, les \u00e9changes et le partage de bonnes pratiques. Elles assurent le lien entre les 95 Appel d\u00e9partementales et l\u2019APEL nationale.<\/p>\n<p><strong>04- L\u2019APEL nationale<br><\/strong>Elle repr\u00e9sente toutes les familles aupr\u00e8s des instances nationales en rapport avec l\u2019Enseignement (minist\u00e8re de l\u2019\u00c9ducation, Conseil sup\u00e9rieur de l\u2019\u00e9ducation, Comit\u00e9 national de l\u2019Enseignement catholique&#8230;). Elle assure la formation et l\u2019animation des diff\u00e9rents \u00e9chelons de l\u2019association.<\/p>\t\t\t\t\t\t\t\t<\/div>\n\t\t\t\t<\/div>\n\t\t\t\t\t<\/div>\n\t\t<\/div>\n\t\t\t\t\t<\/div>\n\t\t<\/section>\n\t\t\t\t<section class=\"elementor-section elementor-top-section elementor-element elementor-element-05d67ec elementor-section-boxed elementor-section-height-default elementor-section-height-default\" data-id=\"05d67ec\" data-element_type=\"section\" data-e-type=\"section\" data-settings=\"{&quot;_ha_eqh_enable&quot;:false}\">\n\t\t\t\t\t\t<div class=\"elementor-container elementor-column-gap-default\">\n\t\t\t\t\t<div class=\"elementor-column elementor-col-100 elementor-top-column elementor-element elementor-element-94d41f4\" data-id=\"94d41f4\" data-element_type=\"column\" data-e-type=\"column\">\n\t\t\t<div class=\"elementor-widget-wrap elementor-element-populated\">\n\t\t\t\t\t\t<div class=\"elementor-element elementor-element-da4b8a2 elementor-align-center elementor-widget elementor-widget-button\" data-id=\"da4b8a2\" data-element_type=\"widget\" data-e-type=\"widget\" data-widget_type=\"button.default\">\n\t\t\t\t<div class=\"elementor-widget-container\">\n\t\t\t\t\t\t\t\t\t<div class=\"elementor-button-wrapper\">\n\t\t\t\t\t<a class=\"elementor-button elementor-button-link elementor-size-sm\" href=\"https:\/\/www.facebook.com\/people\/APEL-d%C3%A9partementale-de-la-Vend%C3%A9e\/100064418930824\/\">\n\t\t\t\t\t\t<span class=\"elementor-button-content-wrapper\">\n\t\t\t\t\t\t\t\t\t<span class=\"elementor-button-text\">Facebook de l'APEL VENDEE<\/span>\n\t\t\t\t\t<\/span>\n\t\t\t\t\t<\/a>\n\t\t\t\t<\/div>\n\t\t\t\t\t\t\t\t<\/div>\n\t\t\t\t<\/div>\n\t\t\t\t\t<\/div>\n\t\t<\/div>\n\t\t\t\t\t<\/div>\n\t\t<\/section>\n\t\t\t\t<section class=\"elementor-section elementor-top-section elementor-element elementor-element-1b490a7 elementor-section-boxed elementor-section-height-default elementor-section-height-default\" data-id=\"1b490a7\" data-element_type=\"section\" data-e-type=\"section\" data-settings=\"{&quot;_ha_eqh_enable&quot;:false}\">\n\t\t\t\t\t\t<div class=\"elementor-container elementor-column-gap-default\">\n\t\t\t\t\t<div class=\"elementor-column elementor-col-100 elementor-top-column elementor-element elementor-element-573d9f9\" data-id=\"573d9f9\" data-element_type=\"column\" data-e-type=\"column\">\n\t\t\t<div class=\"elementor-widget-wrap elementor-element-populated\">\n\t\t\t\t\t\t<div class=\"elementor-element elementor-element-5a7a201 elementor-widget elementor-widget-image\" data-id=\"5a7a201\" data-element_type=\"widget\" data-e-type=\"widget\" data-widget_type=\"image.default\">\n\t\t\t\t<div class=\"elementor-widget-container\">\n\t\t\t\t\t\t\t\t\t\t\t\t\t\t\t<img fetchpriority=\"high\" decoding=\"async\" width=\"649\" height=\"1024\" src=\"https:\/\/ecoleardelay.net\/wp-content\/uploads\/2024\/08\/APEL1-649x1024.jpg\" class=\"attachment-large size-large wp-image-10324\" alt=\"\" srcset=\"https:\/\/ecoleardelay.net\/wp-content\/uploads\/2024\/08\/APEL1-649x1024.jpg 649w, https:\/\/ecoleardelay.net\/wp-content\/uploads\/2024\/08\/APEL1-190x300.jpg 190w, https:\/\/ecoleardelay.net\/wp-content\/uploads\/2024\/08\/APEL1-768x1213.jpg 768w, https:\/\/ecoleardelay.net\/wp-content\/uploads\/2024\/08\/APEL1-973x1536.jpg 973w, https:\/\/ecoleardelay.net\/wp-content\/uploads\/2024\/08\/APEL1.jpg 1216w\" sizes=\"(max-width: 649px) 100vw, 649px\" \/>\t\t\t\t\t\t\t\t\t\t\t\t\t\t\t<\/div>\n\t\t\t\t<\/div>\n\t\t\t\t\t<\/div>\n\t\t<\/div>\n\t\t\t\t\t<\/div>\n\t\t<\/section>\n\t\t\t\t<section class=\"elementor-section elementor-top-section elementor-element elementor-element-dc73d38 elementor-section-boxed elementor-section-height-default elementor-section-height-default\" data-id=\"dc73d38\" data-element_type=\"section\" data-e-type=\"section\" data-settings=\"{&quot;_ha_eqh_enable&quot;:false}\">\n\t\t\t\t\t\t<div class=\"elementor-container elementor-column-gap-default\">\n\t\t\t\t\t<div class=\"elementor-column elementor-col-100 elementor-top-column elementor-element elementor-element-53b69a4\" data-id=\"53b69a4\" data-element_type=\"column\" data-e-type=\"column\">\n\t\t\t<div class=\"elementor-widget-wrap elementor-element-populated\">\n\t\t\t\t\t\t<div class=\"elementor-element elementor-element-e80adf0 elementor-widget elementor-widget-image\" data-id=\"e80adf0\" data-element_type=\"widget\" data-e-type=\"widget\" data-widget_type=\"image.default\">\n\t\t\t\t<div class=\"elementor-widget-container\">\n\t\t\t\t\t\t\t\t\t\t\t\t\t\t\t<img decoding=\"async\" width=\"534\" height=\"1024\" src=\"https:\/\/ecoleardelay.net\/wp-content\/uploads\/2024\/08\/APEL2-534x1024.jpg\" class=\"attachment-large size-large wp-image-10325\" alt=\"\" srcset=\"https:\/\/ecoleardelay.net\/wp-content\/uploads\/2024\/08\/APEL2-534x1024.jpg 534w, https:\/\/ecoleardelay.net\/wp-content\/uploads\/2024\/08\/APEL2-156x300.jpg 156w, https:\/\/ecoleardelay.net\/wp-content\/uploads\/2024\/08\/APEL2-768x1473.jpg 768w, https:\/\/ecoleardelay.net\/wp-content\/uploads\/2024\/08\/APEL2-801x1536.jpg 801w, https:\/\/ecoleardelay.net\/wp-content\/uploads\/2024\/08\/APEL2.jpg 1001w\" sizes=\"(max-width: 534px) 100vw, 534px\" \/>\t\t\t\t\t\t\t\t\t\t\t\t\t\t\t<\/div>\n\t\t\t\t<\/div>\n\t\t\t\t\t<\/div>\n\t\t<\/div>\n\t\t\t\t\t<\/div>\n\t\t<\/section>\n\t\t\t\t<section class=\"elementor-section elementor-top-section elementor-element elementor-element-f1351b5 elementor-section-boxed elementor-section-height-default elementor-section-height-default\" data-id=\"f1351b5\" data-element_type=\"section\" data-e-type=\"section\" data-settings=\"{&quot;_ha_eqh_enable&quot;:false}\">\n\t\t\t\t\t\t<div class=\"elementor-container elementor-column-gap-default\">\n\t\t\t\t\t<div class=\"elementor-column elementor-col-100 elementor-top-column elementor-element elementor-element-7609f3b\" data-id=\"7609f3b\" data-element_type=\"column\" data-e-type=\"column\">\n\t\t\t<div class=\"elementor-widget-wrap elementor-element-populated\">\n\t\t\t\t\t\t<div class=\"elementor-element elementor-element-bc69623 elementor-widget elementor-widget-text-editor\" data-id=\"bc69623\" data-element_type=\"widget\" data-e-type=\"widget\" data-widget_type=\"text-editor.default\">\n\t\t\t\t<div class=\"elementor-widget-container\">\n\t\t\t\t\t\t\t\t\t<p>L\u2019APEL accompagne les parents dans leur t\u00e2che \u00e9ducative \u00e0 travers de diff\u00e9rents services propos\u00e9s :<\/p><p>\u27a2 le magazine Famille &amp; \u00e9ducation, votre adh\u00e9sion en d\u00e9but d\u2019ann\u00e9e \u00e0 l\u2019APPEL vous y abonne d\u2019office, avec cinq num\u00e9ros par an, nous proposons aux parents adh\u00e9rents \u00e0 l\u2019APEL des informations et des conseils sur la scolarit\u00e9 et l\u2019\u00e9ducation de leurs enfants, de la maternelle au post-bac. Dans chaque num\u00e9ro, un dossier explore une th\u00e9matique scolaire ou \u00e9ducative et donne la parole \u00e0 des experts qui aident les parents \u00e0 y voir plus clair. Les parents t\u00e9moignent dans le magazine de leur exp\u00e9rience et les enseignants font \u00e9galement part de leurs bonnes pratiques. Des fiches pratiques et des tutos sont propos\u00e9s dans chaque num\u00e9ro pour permettre aux familles de mieux s\u2019organiser et de partager des activit\u00e9s tous ensemble.<\/p><p>\u27a2 le site <a href=\"http:\/\/www.APEL.fr\">www.APEL.fr<\/a><\/p><p>\u27a2 la plateforme t\u00e9l\u00e9phonique. Ce service, confi\u00e9 \u00e0 des professionnels, r\u00e9unit une \u00e9quipe de sp\u00e9cialistes avec des psychologues qui pourront r\u00e9pondre aux questions que vous vous posez mais aussi vous aider \u00e0 dialoguer avec votre enfant. Psychologues, \u00e9ducateurs sp\u00e9cialis\u00e9s, conseillers scolaires, etc. r\u00e9pondent en direct au t\u00e9l\u00e9phone \u00e0 toutes vos questions \u00e9ducatives. L&rsquo;anonymat et la confidentialit\u00e9 sont garantis. Appelez le 01 46 90 09 60, du lundi au vendredi de 9h \u00e0 18h et le mardi de 14h \u00e0 19h (appel non surtax\u00e9, prix d&rsquo;un appel local).<\/p>\t\t\t\t\t\t\t\t<\/div>\n\t\t\t\t<\/div>\n\t\t\t\t\t<\/div>\n\t\t<\/div>\n\t\t\t\t\t<\/div>\n\t\t<\/section>\n\t\t\t\t<section class=\"elementor-section elementor-top-section elementor-element elementor-element-af8ef53 elementor-section-boxed elementor-section-height-default elementor-section-height-default\" data-id=\"af8ef53\" data-element_type=\"section\" data-e-type=\"section\" data-settings=\"{&quot;_ha_eqh_enable&quot;:false}\">\n\t\t\t\t\t\t<div class=\"elementor-container elementor-column-gap-default\">\n\t\t\t\t\t<div class=\"elementor-column elementor-col-100 elementor-top-column elementor-element elementor-element-07c0ead\" data-id=\"07c0ead\" data-element_type=\"column\" data-e-type=\"column\">\n\t\t\t<div class=\"elementor-widget-wrap elementor-element-populated\">\n\t\t\t\t\t\t<div class=\"elementor-element elementor-element-ce67470 elementor-widget elementor-widget-heading\" data-id=\"ce67470\" data-element_type=\"widget\" data-e-type=\"widget\" data-widget_type=\"heading.default\">\n\t\t\t\t<div class=\"elementor-widget-container\">\n\t\t\t\t\t<h2 class=\"elementor-heading-title elementor-size-default\">L'APEL DE L'ECOLE D'ARDELAY<\/h2>\t\t\t\t<\/div>\n\t\t\t\t<\/div>\n\t\t\t\t\t<\/div>\n\t\t<\/div>\n\t\t\t\t\t<\/div>\n\t\t<\/section>\n\t\t\t\t<section class=\"elementor-section elementor-top-section elementor-element elementor-element-e3a6784 elementor-section-boxed elementor-section-height-default elementor-section-height-default\" data-id=\"e3a6784\" data-element_type=\"section\" data-e-type=\"section\" data-settings=\"{&quot;_ha_eqh_enable&quot;:false}\">\n\t\t\t\t\t\t<div class=\"elementor-container elementor-column-gap-default\">\n\t\t\t\t\t<div class=\"elementor-column elementor-col-100 elementor-top-column elementor-element elementor-element-8d62283\" data-id=\"8d62283\" data-element_type=\"column\" data-e-type=\"column\">\n\t\t\t<div class=\"elementor-widget-wrap elementor-element-populated\">\n\t\t\t\t\t\t<div class=\"elementor-element elementor-element-65ac85e elementor-widget elementor-widget-text-editor\" data-id=\"65ac85e\" data-element_type=\"widget\" data-e-type=\"widget\" data-widget_type=\"text-editor.default\">\n\t\t\t\t<div class=\"elementor-widget-container\">\n\t\t\t\t\t\t\t\t\t<p>Nous sommes des parents d\u2019\u00e9l\u00e8ves de l\u2019\u00e9cole d\u2019Ardelay et nous sommes tous b\u00e9n\u00e9voles.<\/p><p>Nous avons choisi de donner un peu de notre temps pour organiser des temps festifs et r\u00e9colter des fonds \u00e0 travers des OP afin de financer des projets en vue d\u2019am\u00e9liorer l\u2019environnement scolaire de nos enfants.<\/p><p>L\u2019\u00e9quipe APEL de l\u2019\u00e9cole d\u2019Ardelay se mobilise au c\u00f4t\u00e9 des professeurs et chef d\u2019\u00e9tablissement pour participer aux projets p\u00e9dagogiques et proposer des activit\u00e9s ou \u00e9v\u00e8nements pour les enfants et leurs parents.<\/p>\t\t\t\t\t\t\t\t<\/div>\n\t\t\t\t<\/div>\n\t\t\t\t\t<\/div>\n\t\t<\/div>\n\t\t\t\t\t<\/div>\n\t\t<\/section>\n\t\t\t\t<section class=\"elementor-section elementor-top-section elementor-element elementor-element-bffecf6 elementor-section-boxed elementor-section-height-default elementor-section-height-default\" data-id=\"bffecf6\" data-element_type=\"section\" data-e-type=\"section\" data-settings=\"{&quot;_ha_eqh_enable&quot;:false}\">\n\t\t\t\t\t\t<div class=\"elementor-container elementor-column-gap-default\">\n\t\t\t\t\t<div class=\"elementor-column elementor-col-100 elementor-top-column elementor-element elementor-element-62d1653\" data-id=\"62d1653\" data-element_type=\"column\" data-e-type=\"column\">\n\t\t\t<div class=\"elementor-widget-wrap elementor-element-populated\">\n\t\t\t\t\t\t<div class=\"elementor-element elementor-element-9d3e35e elementor-widget elementor-widget-heading\" data-id=\"9d3e35e\" data-element_type=\"widget\" data-e-type=\"widget\" data-widget_type=\"heading.default\">\n\t\t\t\t<div class=\"elementor-widget-container\">\n\t\t\t\t\t<h2 class=\"elementor-heading-title elementor-size-default\">L'ORGANIGRAMME DE L'APEL DE L'ECOLE D'ARDELAY<\/h2>\t\t\t\t<\/div>\n\t\t\t\t<\/div>\n\t\t\t\t\t<\/div>\n\t\t<\/div>\n\t\t\t\t\t<\/div>\n\t\t<\/section>\n\t\t\t\t<section class=\"elementor-section elementor-top-section elementor-element elementor-element-b35642b elementor-section-boxed elementor-section-height-default elementor-section-height-default\" data-id=\"b35642b\" data-element_type=\"section\" data-e-type=\"section\" data-settings=\"{&quot;_ha_eqh_enable&quot;:false}\">\n\t\t\t\t\t\t<div class=\"elementor-container elementor-column-gap-default\">\n\t\t\t\t\t<div class=\"elementor-column elementor-col-100 elementor-top-column elementor-element elementor-element-bbccace\" data-id=\"bbccace\" data-element_type=\"column\" data-e-type=\"column\">\n\t\t\t<div class=\"elementor-widget-wrap elementor-element-populated\">\n\t\t\t\t\t\t<div class=\"elementor-element elementor-element-8952d4b elementor-widget elementor-widget-image\" data-id=\"8952d4b\" data-element_type=\"widget\" data-e-type=\"widget\" data-widget_type=\"image.default\">\n\t\t\t\t<div class=\"elementor-widget-container\">\n\t\t\t\t\t\t\t\t\t\t\t\t\t\t\t<img decoding=\"async\" width=\"724\" height=\"1024\" src=\"https:\/\/ecoleardelay.net\/wp-content\/uploads\/2025\/01\/Trombi-APEL-2024-2025-724x1024.png\" class=\"attachment-large size-large wp-image-11906\" alt=\"\" srcset=\"https:\/\/ecoleardelay.net\/wp-content\/uploads\/2025\/01\/Trombi-APEL-2024-2025-724x1024.png 724w, https:\/\/ecoleardelay.net\/wp-content\/uploads\/2025\/01\/Trombi-APEL-2024-2025-212x300.png 212w, https:\/\/ecoleardelay.net\/wp-content\/uploads\/2025\/01\/Trombi-APEL-2024-2025-768x1087.png 768w, https:\/\/ecoleardelay.net\/wp-content\/uploads\/2025\/01\/Trombi-APEL-2024-2025-1086x1536.png 1086w, https:\/\/ecoleardelay.net\/wp-content\/uploads\/2025\/01\/Trombi-APEL-2024-2025.png 1357w\" sizes=\"(max-width: 724px) 100vw, 724px\" \/>\t\t\t\t\t\t\t\t\t\t\t\t\t\t\t<\/div>\n\t\t\t\t<\/div>\n\t\t\t\t\t<\/div>\n\t\t<\/div>\n\t\t\t\t\t<\/div>\n\t\t<\/section>\n\t\t\t\t<section class=\"elementor-section elementor-top-section elementor-element elementor-element-e4c9d03 elementor-section-boxed elementor-section-height-default elementor-section-height-default\" data-id=\"e4c9d03\" data-element_type=\"section\" data-e-type=\"section\" data-settings=\"{&quot;_ha_eqh_enable&quot;:false}\">\n\t\t\t\t\t\t<div class=\"elementor-container elementor-column-gap-default\">\n\t\t\t\t\t<div class=\"elementor-column elementor-col-100 elementor-top-column elementor-element elementor-element-181c1d2\" data-id=\"181c1d2\" data-element_type=\"column\" data-e-type=\"column\">\n\t\t\t<div class=\"elementor-widget-wrap elementor-element-populated\">\n\t\t\t\t\t\t<div class=\"elementor-element elementor-element-47ef7bc elementor-widget elementor-widget-heading\" data-id=\"47ef7bc\" data-element_type=\"widget\" data-e-type=\"widget\" data-widget_type=\"heading.default\">\n\t\t\t\t<div class=\"elementor-widget-container\">\n\t\t\t\t\t<h2 class=\"elementor-heading-title elementor-size-default\">REJOINDRE L'APEL DE L'ECOLE D'ARDELAY<\/h2>\t\t\t\t<\/div>\n\t\t\t\t<\/div>\n\t\t\t\t\t<\/div>\n\t\t<\/div>\n\t\t\t\t\t<\/div>\n\t\t<\/section>\n\t\t\t\t<section class=\"elementor-section elementor-top-section elementor-element elementor-element-259521a elementor-section-boxed elementor-section-height-default elementor-section-height-default\" data-id=\"259521a\" data-element_type=\"section\" data-e-type=\"section\" data-settings=\"{&quot;_ha_eqh_enable&quot;:false}\">\n\t\t\t\t\t\t<div class=\"elementor-container elementor-column-gap-default\">\n\t\t\t\t\t<div class=\"elementor-column elementor-col-100 elementor-top-column elementor-element elementor-element-c5a74bb\" data-id=\"c5a74bb\" data-element_type=\"column\" data-e-type=\"column\">\n\t\t\t<div class=\"elementor-widget-wrap elementor-element-populated\">\n\t\t\t\t\t\t<div class=\"elementor-element elementor-element-da2e6dd elementor-widget elementor-widget-text-editor\" data-id=\"da2e6dd\" data-element_type=\"widget\" data-e-type=\"widget\" data-widget_type=\"text-editor.default\">\n\t\t\t\t<div class=\"elementor-widget-container\">\n\t\t\t\t\t\t\t\t\t<p>L\u2019APEL est ouverte \u00e0 tous, vous pouvez nous rejoindre \u00e0 tout moment.<\/p>\n<p>Vous pouvez venir \u00e0 une r\u00e9union nous rencontrer sans que cela vous engage \u00e0 quoi que ce soit, vous pouvez \u00e9galement venir aider ponctuellement lors des diff\u00e9rents \u00e9v\u00e8nements organis\u00e9s par l\u2019association.<\/p>\n<p>Les bonnes volont\u00e9s et votre bonne humeur sont toujours les bienvenues !<\/p>\n<p>L\u2019association APEL est aussi un comit\u00e9 de parents qui b\u00e9n\u00e9ficie de l\u2019oreille attentive du personnel de l\u2019\u00e9tablissement, si vous rencontrez des difficult\u00e9s ou avez des demandes particuli\u00e8res, contactez-nous \u00e0 cette adresse : <a href=\"mailto:apelecoleardelay@gmail.com\" target=\"_blank\" rel=\"noopener\">apelecoleardelay@gmail.com<\/a>.<\/p>\n<p>Vous pouvez \u00e9galement nous suivre via notre page FACEBOOK&nbsp;: <a href=\"https:\/\/www.facebook.com\/profile.php?id=100086550908583\">https:\/\/www.facebook.com\/profile.php?id=100086550908583<\/a><\/p>\n<p style=\"text-align: center;\"><strong>VENEZ NOUS REJOINDRE&nbsp;!<\/strong><\/p>\t\t\t\t\t\t\t\t<\/div>\n\t\t\t\t<\/div>\n\t\t\t\t\t<\/div>\n\t\t<\/div>\n\t\t\t\t\t<\/div>\n\t\t<\/section>\n\t\t\t\t<\/div>\n\t\t","protected":false},"excerpt":{"rendered":"<p>APEL La premi\u00e8re APEL a \u00e9t\u00e9 cr\u00e9\u00e9e \u00e0 Marseille en 1930, par des parents d\u2019\u00e9l\u00e8ves d\u00e9sireux d\u2019\u00eatre associ\u00e9s \u00e0 la vie des \u00e9tablissements scolaires de leurs enfants. Aujourd\u2019hui, nous nous engageons pour l\u2019avenir de 2 millions d\u2019enfants dont les parents ontlibrement choisi un \u00e9tablissement scolaire et son projet \u00e9ducatif. C\u2019est \u00e9galement la seule association reconnue [&hellip;]<\/p>\n","protected":false},"author":1,"featured_media":0,"parent":0,"menu_order":0,"comment_status":"closed","ping_status":"closed","template":"","meta":{"site-sidebar-layout":"no-sidebar","site-content-layout":"page-builder","ast-site-content-layout":"default","site-content-style":"default","site-sidebar-style":"default","ast-global-header-display":"","ast-banner-title-visibility":"","ast-main-header-display":"","ast-hfb-above-header-display":"","ast-hfb-below-header-display":"","ast-hfb-mobile-header-display":"","site-post-title":"disabled","ast-breadcrumbs-content":"","ast-featured-img":"disabled","footer-sml-layout":"","ast-disable-related-posts":"","theme-transparent-header-meta":"","adv-header-id-meta":"","stick-header-meta":"","header-above-stick-meta":"","header-main-stick-meta":"","header-below-stick-meta":"","astra-migrate-meta-layouts":"default","ast-page-background-enabled":"default","ast-page-background-meta":{"desktop":{"background-color":"var(--ast-global-color-4)","background-image":"","background-repeat":"repeat","background-position":"center center","background-size":"auto","background-attachment":"scroll","background-type":"","background-media":"","overlay-type":"","overlay-color":"","overlay-opacity":"","overlay-gradient":""},"tablet":{"background-color":"","background-image":"","background-repeat":"repeat","background-position":"center center","background-size":"auto","background-attachment":"scroll","background-type":"","background-media":"","overlay-type":"","overlay-color":"","overlay-opacity":"","overlay-gradient":""},"mobile":{"background-color":"","background-image":"","background-repeat":"repeat","background-position":"center center","background-size":"auto","background-attachment":"scroll","background-type":"","background-media":"","overlay-type":"","overlay-color":"","overlay-opacity":"","overlay-gradient":""}},"ast-content-background-meta":{"desktop":{"background-color":"var(--ast-global-color-5)","background-image":"","background-repeat":"repeat","background-position":"center center","background-size":"auto","background-attachment":"scroll","background-type":"","background-media":"","overlay-type":"","overlay-color":"","overlay-opacity":"","overlay-gradient":""},"tablet":{"background-color":"var(--ast-global-color-5)","background-image":"","background-repeat":"repeat","background-position":"center center","background-size":"auto","background-attachment":"scroll","background-type":"","background-media":"","overlay-type":"","overlay-color":"","overlay-opacity":"","overlay-gradient":""},"mobile":{"background-color":"var(--ast-global-color-5)","background-image":"","background-repeat":"repeat","background-position":"center center","background-size":"auto","background-attachment":"scroll","background-type":"","background-media":"","overlay-type":"","overlay-color":"","overlay-opacity":"","overlay-gradient":""}},"footnotes":""},"class_list":["post-43","page","type-page","status-publish","hentry"],"_links":{"self":[{"href":"https:\/\/ecoleardelay.net\/index.php\/wp-json\/wp\/v2\/pages\/43","targetHints":{"allow":["GET"]}}],"collection":[{"href":"https:\/\/ecoleardelay.net\/index.php\/wp-json\/wp\/v2\/pages"}],"about":[{"href":"https:\/\/ecoleardelay.net\/index.php\/wp-json\/wp\/v2\/types\/page"}],"author":[{"embeddable":true,"href":"https:\/\/ecoleardelay.net\/index.php\/wp-json\/wp\/v2\/users\/1"}],"replies":[{"embeddable":true,"href":"https:\/\/ecoleardelay.net\/index.php\/wp-json\/wp\/v2\/comments?post=43"}],"version-history":[{"count":34,"href":"https:\/\/ecoleardelay.net\/index.php\/wp-json\/wp\/v2\/pages\/43\/revisions"}],"predecessor-version":[{"id":11910,"href":"https:\/\/ecoleardelay.net\/index.php\/wp-json\/wp\/v2\/pages\/43\/revisions\/11910"}],"wp:attachment":[{"href":"https:\/\/ecoleardelay.net\/index.php\/wp-json\/wp\/v2\/media?parent=43"}],"curies":[{"name":"wp","href":"https:\/\/api.w.org\/{rel}","templated":true}]}}