{"id":52,"date":"2022-12-13T09:15:44","date_gmt":"2022-12-13T08:15:44","guid":{"rendered":"https:\/\/ecoleardelay.net\/?page_id=52"},"modified":"2025-05-19T09:05:26","modified_gmt":"2025-05-19T07:05:26","slug":"reglement-location","status":"publish","type":"page","link":"https:\/\/ecoleardelay.net\/index.php\/reglement-location\/","title":{"rendered":"R\u00e9glement location"},"content":{"rendered":"\t\t<div data-elementor-type=\"wp-page\" data-elementor-id=\"52\" class=\"elementor elementor-52\" data-elementor-settings=\"{&quot;ha_cmc_init_switcher&quot;:&quot;no&quot;}\">\n\t\t\t\t\t\t<section class=\"elementor-section elementor-top-section elementor-element elementor-element-593b03d elementor-section-boxed elementor-section-height-default elementor-section-height-default\" data-id=\"593b03d\" data-element_type=\"section\" data-e-type=\"section\" data-settings=\"{&quot;_ha_eqh_enable&quot;:false}\">\n\t\t\t\t\t\t<div class=\"elementor-container elementor-column-gap-default\">\n\t\t\t\t\t<div class=\"elementor-column elementor-col-100 elementor-top-column elementor-element elementor-element-89590c5\" data-id=\"89590c5\" data-element_type=\"column\" data-e-type=\"column\">\n\t\t\t<div class=\"elementor-widget-wrap elementor-element-populated\">\n\t\t\t\t\t\t<div class=\"elementor-element elementor-element-b640705 elementor-widget elementor-widget-image\" data-id=\"b640705\" data-element_type=\"widget\" data-e-type=\"widget\" data-widget_type=\"image.default\">\n\t\t\t\t<div class=\"elementor-widget-container\">\n\t\t\t\t\t\t\t\t\t\t\t\t\t\t\t<img fetchpriority=\"high\" decoding=\"async\" width=\"768\" height=\"351\" src=\"https:\/\/ecoleardelay.net\/wp-content\/uploads\/2023\/01\/IMG_2310-e1672759200653-768x351.jpg\" class=\"attachment-medium_large size-medium_large wp-image-483\" alt=\"\" srcset=\"https:\/\/ecoleardelay.net\/wp-content\/uploads\/2023\/01\/IMG_2310-e1672759200653-768x351.jpg 768w, https:\/\/ecoleardelay.net\/wp-content\/uploads\/2023\/01\/IMG_2310-e1672759200653-300x137.jpg 300w, https:\/\/ecoleardelay.net\/wp-content\/uploads\/2023\/01\/IMG_2310-e1672759200653-1024x468.jpg 1024w, https:\/\/ecoleardelay.net\/wp-content\/uploads\/2023\/01\/IMG_2310-e1672759200653-1536x702.jpg 1536w, https:\/\/ecoleardelay.net\/wp-content\/uploads\/2023\/01\/IMG_2310-e1672759200653.jpg 1920w\" sizes=\"(max-width: 768px) 100vw, 768px\" \/>\t\t\t\t\t\t\t\t\t\t\t\t\t\t\t<\/div>\n\t\t\t\t<\/div>\n\t\t\t\t\t<\/div>\n\t\t<\/div>\n\t\t\t\t\t<\/div>\n\t\t<\/section>\n\t\t\t\t<section class=\"elementor-section elementor-top-section elementor-element elementor-element-04cb7ca elementor-section-boxed elementor-section-height-default elementor-section-height-default\" data-id=\"04cb7ca\" data-element_type=\"section\" data-e-type=\"section\" data-settings=\"{&quot;_ha_eqh_enable&quot;:false}\">\n\t\t\t\t\t\t<div class=\"elementor-container elementor-column-gap-default\">\n\t\t\t\t\t<div class=\"elementor-column elementor-col-100 elementor-top-column elementor-element elementor-element-339df54\" data-id=\"339df54\" data-element_type=\"column\" data-e-type=\"column\">\n\t\t\t<div class=\"elementor-widget-wrap elementor-element-populated\">\n\t\t\t\t\t\t<div class=\"elementor-element elementor-element-3d511f5 elementor-widget elementor-widget-text-editor\" data-id=\"3d511f5\" data-element_type=\"widget\" data-e-type=\"widget\" data-widget_type=\"text-editor.default\">\n\t\t\t\t<div class=\"elementor-widget-container\">\n\t\t\t\t\t\t\t\t\t<h3 style=\"text-align: center;\"><span style=\"color: #ff0000;\">ATTENTION:<\/span> <span style=\"color: #ff0000;\">cette salle n&rsquo;a pas vocation \u00e0 \u00eatre lou\u00e9e pour des soir\u00e9es festives. Elle est utilis\u00e9e par les \u00e9l\u00e8ves sur le temps scolaire.<\/span><\/h3><h2 style=\"text-align: center;\">Tarifs location 2024-2025<\/h2><h2 style=\"text-align: center;\">Journ\u00e9e : 150 \u20ac<\/h2><h2 style=\"text-align: center;\">Week-end : 250 \u20ac<\/h2>\t\t\t\t\t\t\t\t<\/div>\n\t\t\t\t<\/div>\n\t\t\t\t\t<\/div>\n\t\t<\/div>\n\t\t\t\t\t<\/div>\n\t\t<\/section>\n\t\t\t\t<section class=\"elementor-section elementor-top-section elementor-element elementor-element-68724e5 elementor-section-boxed elementor-section-height-default elementor-section-height-default\" data-id=\"68724e5\" data-element_type=\"section\" data-e-type=\"section\" data-settings=\"{&quot;_ha_eqh_enable&quot;:false}\">\n\t\t\t\t\t\t<div class=\"elementor-container elementor-column-gap-default\">\n\t\t\t\t\t<div class=\"elementor-column elementor-col-50 elementor-top-column elementor-element elementor-element-9f63d68\" data-id=\"9f63d68\" data-element_type=\"column\" data-e-type=\"column\">\n\t\t\t<div class=\"elementor-widget-wrap elementor-element-populated\">\n\t\t\t\t\t\t<div class=\"elementor-element elementor-element-967c116 elementor-widget elementor-widget-image\" data-id=\"967c116\" data-element_type=\"widget\" data-e-type=\"widget\" data-widget_type=\"image.default\">\n\t\t\t\t<div class=\"elementor-widget-container\">\n\t\t\t\t\t\t\t\t\t\t\t\t\t\t\t<img decoding=\"async\" width=\"1024\" height=\"768\" src=\"https:\/\/ecoleardelay.net\/wp-content\/uploads\/2023\/01\/IMG_2311-1024x768.jpg\" class=\"attachment-large size-large wp-image-488\" alt=\"\" srcset=\"https:\/\/ecoleardelay.net\/wp-content\/uploads\/2023\/01\/IMG_2311-1024x768.jpg 1024w, https:\/\/ecoleardelay.net\/wp-content\/uploads\/2023\/01\/IMG_2311-300x225.jpg 300w, https:\/\/ecoleardelay.net\/wp-content\/uploads\/2023\/01\/IMG_2311-768x576.jpg 768w, https:\/\/ecoleardelay.net\/wp-content\/uploads\/2023\/01\/IMG_2311-1536x1152.jpg 1536w, https:\/\/ecoleardelay.net\/wp-content\/uploads\/2023\/01\/IMG_2311.jpg 1920w\" sizes=\"(max-width: 1024px) 100vw, 1024px\" \/>\t\t\t\t\t\t\t\t\t\t\t\t\t\t\t<\/div>\n\t\t\t\t<\/div>\n\t\t\t\t\t<\/div>\n\t\t<\/div>\n\t\t\t\t<div class=\"elementor-column elementor-col-50 elementor-top-column elementor-element elementor-element-6e14368\" data-id=\"6e14368\" data-element_type=\"column\" data-e-type=\"column\">\n\t\t\t<div class=\"elementor-widget-wrap elementor-element-populated\">\n\t\t\t\t\t\t<div class=\"elementor-element elementor-element-52f7b30 elementor-widget elementor-widget-image\" data-id=\"52f7b30\" data-element_type=\"widget\" data-e-type=\"widget\" data-widget_type=\"image.default\">\n\t\t\t\t<div class=\"elementor-widget-container\">\n\t\t\t\t\t\t\t\t\t\t\t\t\t\t\t<img decoding=\"async\" width=\"1024\" height=\"768\" src=\"https:\/\/ecoleardelay.net\/wp-content\/uploads\/2023\/01\/IMG_2312-1024x768.jpg\" class=\"attachment-large size-large wp-image-489\" alt=\"\" srcset=\"https:\/\/ecoleardelay.net\/wp-content\/uploads\/2023\/01\/IMG_2312-1024x768.jpg 1024w, https:\/\/ecoleardelay.net\/wp-content\/uploads\/2023\/01\/IMG_2312-300x225.jpg 300w, https:\/\/ecoleardelay.net\/wp-content\/uploads\/2023\/01\/IMG_2312-768x576.jpg 768w, https:\/\/ecoleardelay.net\/wp-content\/uploads\/2023\/01\/IMG_2312-1536x1152.jpg 1536w, https:\/\/ecoleardelay.net\/wp-content\/uploads\/2023\/01\/IMG_2312.jpg 1920w\" sizes=\"(max-width: 1024px) 100vw, 1024px\" \/>\t\t\t\t\t\t\t\t\t\t\t\t\t\t\t<\/div>\n\t\t\t\t<\/div>\n\t\t\t\t\t<\/div>\n\t\t<\/div>\n\t\t\t\t\t<\/div>\n\t\t<\/section>\n\t\t\t\t<section class=\"elementor-section elementor-top-section elementor-element elementor-element-716c7d9 elementor-section-boxed elementor-section-height-default elementor-section-height-default\" data-id=\"716c7d9\" data-element_type=\"section\" data-e-type=\"section\" data-settings=\"{&quot;_ha_eqh_enable&quot;:false}\">\n\t\t\t\t\t\t<div class=\"elementor-container elementor-column-gap-default\">\n\t\t\t\t\t<div class=\"elementor-column elementor-col-16 elementor-top-column elementor-element elementor-element-f6be5c9\" data-id=\"f6be5c9\" data-element_type=\"column\" data-e-type=\"column\">\n\t\t\t<div class=\"elementor-widget-wrap elementor-element-populated\">\n\t\t\t\t\t\t<div class=\"elementor-element elementor-element-af7059e elementor-widget elementor-widget-image\" data-id=\"af7059e\" data-element_type=\"widget\" data-e-type=\"widget\" data-widget_type=\"image.default\">\n\t\t\t\t<div class=\"elementor-widget-container\">\n\t\t\t\t\t\t\t\t\t\t\t\t<figure class=\"wp-caption\">\n\t\t\t\t\t\t\t\t\t\t<img loading=\"lazy\" decoding=\"async\" width=\"1024\" height=\"768\" src=\"https:\/\/ecoleardelay.net\/wp-content\/uploads\/2023\/01\/IMG_2320-1024x768.jpg\" class=\"attachment-large size-large wp-image-495\" alt=\"\" srcset=\"https:\/\/ecoleardelay.net\/wp-content\/uploads\/2023\/01\/IMG_2320-1024x768.jpg 1024w, https:\/\/ecoleardelay.net\/wp-content\/uploads\/2023\/01\/IMG_2320-300x225.jpg 300w, https:\/\/ecoleardelay.net\/wp-content\/uploads\/2023\/01\/IMG_2320-768x576.jpg 768w, https:\/\/ecoleardelay.net\/wp-content\/uploads\/2023\/01\/IMG_2320-1536x1152.jpg 1536w, https:\/\/ecoleardelay.net\/wp-content\/uploads\/2023\/01\/IMG_2320.jpg 1920w\" sizes=\"(max-width: 1024px) 100vw, 1024px\" \/>\t\t\t\t\t\t\t\t\t\t\t<figcaption class=\"widget-image-caption wp-caption-text\">Le pr\u00e9au<\/figcaption>\n\t\t\t\t\t\t\t\t\t\t<\/figure>\n\t\t\t\t\t\t\t\t\t<\/div>\n\t\t\t\t<\/div>\n\t\t\t\t\t<\/div>\n\t\t<\/div>\n\t\t\t\t<div class=\"elementor-column elementor-col-16 elementor-top-column elementor-element elementor-element-b3ee509\" data-id=\"b3ee509\" data-element_type=\"column\" data-e-type=\"column\">\n\t\t\t<div class=\"elementor-widget-wrap elementor-element-populated\">\n\t\t\t\t\t\t<div class=\"elementor-element elementor-element-21d0b35 elementor-widget elementor-widget-image\" data-id=\"21d0b35\" data-element_type=\"widget\" data-e-type=\"widget\" data-widget_type=\"image.default\">\n\t\t\t\t<div class=\"elementor-widget-container\">\n\t\t\t\t\t\t\t\t\t\t\t\t<figure class=\"wp-caption\">\n\t\t\t\t\t\t\t\t\t\t<img loading=\"lazy\" decoding=\"async\" width=\"1024\" height=\"768\" src=\"https:\/\/ecoleardelay.net\/wp-content\/uploads\/2023\/01\/IMG_2316-1024x768.jpg\" class=\"attachment-large size-large wp-image-492\" alt=\"\" srcset=\"https:\/\/ecoleardelay.net\/wp-content\/uploads\/2023\/01\/IMG_2316-1024x768.jpg 1024w, https:\/\/ecoleardelay.net\/wp-content\/uploads\/2023\/01\/IMG_2316-300x225.jpg 300w, https:\/\/ecoleardelay.net\/wp-content\/uploads\/2023\/01\/IMG_2316-768x576.jpg 768w, https:\/\/ecoleardelay.net\/wp-content\/uploads\/2023\/01\/IMG_2316-1536x1152.jpg 1536w, https:\/\/ecoleardelay.net\/wp-content\/uploads\/2023\/01\/IMG_2316.jpg 1920w\" sizes=\"(max-width: 1024px) 100vw, 1024px\" \/>\t\t\t\t\t\t\t\t\t\t\t<figcaption class=\"widget-image-caption wp-caption-text\">Le hall d'entr\u00e9e<\/figcaption>\n\t\t\t\t\t\t\t\t\t\t<\/figure>\n\t\t\t\t\t\t\t\t\t<\/div>\n\t\t\t\t<\/div>\n\t\t\t\t\t<\/div>\n\t\t<\/div>\n\t\t\t\t<div class=\"elementor-column elementor-col-16 elementor-top-column elementor-element elementor-element-0d1ae4f\" data-id=\"0d1ae4f\" data-element_type=\"column\" data-e-type=\"column\">\n\t\t\t<div class=\"elementor-widget-wrap elementor-element-populated\">\n\t\t\t\t\t\t<div class=\"elementor-element elementor-element-27b346e elementor-widget elementor-widget-image\" data-id=\"27b346e\" data-element_type=\"widget\" data-e-type=\"widget\" data-widget_type=\"image.default\">\n\t\t\t\t<div class=\"elementor-widget-container\">\n\t\t\t\t\t\t\t\t\t\t\t\t<figure class=\"wp-caption\">\n\t\t\t\t\t\t\t\t\t\t<img loading=\"lazy\" decoding=\"async\" width=\"1024\" height=\"768\" src=\"https:\/\/ecoleardelay.net\/wp-content\/uploads\/2023\/01\/IMG_2318-1024x768.jpg\" class=\"attachment-large size-large wp-image-493\" alt=\"\" srcset=\"https:\/\/ecoleardelay.net\/wp-content\/uploads\/2023\/01\/IMG_2318-1024x768.jpg 1024w, https:\/\/ecoleardelay.net\/wp-content\/uploads\/2023\/01\/IMG_2318-300x225.jpg 300w, https:\/\/ecoleardelay.net\/wp-content\/uploads\/2023\/01\/IMG_2318-768x576.jpg 768w, https:\/\/ecoleardelay.net\/wp-content\/uploads\/2023\/01\/IMG_2318-1536x1152.jpg 1536w, https:\/\/ecoleardelay.net\/wp-content\/uploads\/2023\/01\/IMG_2318.jpg 1920w\" sizes=\"(max-width: 1024px) 100vw, 1024px\" \/>\t\t\t\t\t\t\t\t\t\t\t<figcaption class=\"widget-image-caption wp-caption-text\">Le coin cuisine<\/figcaption>\n\t\t\t\t\t\t\t\t\t\t<\/figure>\n\t\t\t\t\t\t\t\t\t<\/div>\n\t\t\t\t<\/div>\n\t\t\t\t\t<\/div>\n\t\t<\/div>\n\t\t\t\t<div class=\"elementor-column elementor-col-16 elementor-top-column elementor-element elementor-element-7117852\" data-id=\"7117852\" data-element_type=\"column\" data-e-type=\"column\">\n\t\t\t<div class=\"elementor-widget-wrap elementor-element-populated\">\n\t\t\t\t\t\t<div class=\"elementor-element elementor-element-e13035c elementor-widget elementor-widget-image\" data-id=\"e13035c\" data-element_type=\"widget\" data-e-type=\"widget\" data-widget_type=\"image.default\">\n\t\t\t\t<div class=\"elementor-widget-container\">\n\t\t\t\t\t\t\t\t\t\t\t\t<figure class=\"wp-caption\">\n\t\t\t\t\t\t\t\t\t\t<img loading=\"lazy\" decoding=\"async\" width=\"1024\" height=\"768\" src=\"https:\/\/ecoleardelay.net\/wp-content\/uploads\/2023\/01\/IMG_2319-1024x768.jpg\" class=\"attachment-large size-large wp-image-494\" alt=\"\" srcset=\"https:\/\/ecoleardelay.net\/wp-content\/uploads\/2023\/01\/IMG_2319-1024x768.jpg 1024w, https:\/\/ecoleardelay.net\/wp-content\/uploads\/2023\/01\/IMG_2319-300x225.jpg 300w, https:\/\/ecoleardelay.net\/wp-content\/uploads\/2023\/01\/IMG_2319-768x576.jpg 768w, https:\/\/ecoleardelay.net\/wp-content\/uploads\/2023\/01\/IMG_2319-1536x1152.jpg 1536w, https:\/\/ecoleardelay.net\/wp-content\/uploads\/2023\/01\/IMG_2319.jpg 1920w\" sizes=\"(max-width: 1024px) 100vw, 1024px\" \/>\t\t\t\t\t\t\t\t\t\t\t<figcaption class=\"widget-image-caption wp-caption-text\">Le coin cuisine<\/figcaption>\n\t\t\t\t\t\t\t\t\t\t<\/figure>\n\t\t\t\t\t\t\t\t\t<\/div>\n\t\t\t\t<\/div>\n\t\t\t\t\t<\/div>\n\t\t<\/div>\n\t\t\t\t<div class=\"elementor-column elementor-col-16 elementor-top-column elementor-element elementor-element-828fb45\" data-id=\"828fb45\" data-element_type=\"column\" data-e-type=\"column\">\n\t\t\t<div class=\"elementor-widget-wrap elementor-element-populated\">\n\t\t\t\t\t\t<div class=\"elementor-element elementor-element-1e4b51b elementor-widget elementor-widget-image\" data-id=\"1e4b51b\" data-element_type=\"widget\" data-e-type=\"widget\" data-widget_type=\"image.default\">\n\t\t\t\t<div class=\"elementor-widget-container\">\n\t\t\t\t\t\t\t\t\t\t\t\t\t\t\t<img loading=\"lazy\" decoding=\"async\" width=\"150\" height=\"150\" src=\"https:\/\/ecoleardelay.net\/wp-content\/uploads\/2023\/01\/IMG_2313-150x150.jpg\" class=\"attachment-thumbnail size-thumbnail wp-image-490\" alt=\"\" \/>\t\t\t\t\t\t\t\t\t\t\t\t\t\t\t<\/div>\n\t\t\t\t<\/div>\n\t\t\t\t\t<\/div>\n\t\t<\/div>\n\t\t\t\t<div class=\"elementor-column elementor-col-16 elementor-top-column elementor-element elementor-element-37eadaf\" data-id=\"37eadaf\" data-element_type=\"column\" data-e-type=\"column\">\n\t\t\t<div class=\"elementor-widget-wrap elementor-element-populated\">\n\t\t\t\t\t\t<div class=\"elementor-element elementor-element-f1e3897 elementor-widget elementor-widget-image\" data-id=\"f1e3897\" data-element_type=\"widget\" data-e-type=\"widget\" data-widget_type=\"image.default\">\n\t\t\t\t<div class=\"elementor-widget-container\">\n\t\t\t\t\t\t\t\t\t\t\t\t\t\t\t<img loading=\"lazy\" decoding=\"async\" width=\"150\" height=\"150\" src=\"https:\/\/ecoleardelay.net\/wp-content\/uploads\/2023\/01\/IMG_2314-150x150.jpg\" class=\"attachment-thumbnail size-thumbnail wp-image-491\" alt=\"\" \/>\t\t\t\t\t\t\t\t\t\t\t\t\t\t\t<\/div>\n\t\t\t\t<\/div>\n\t\t\t\t\t<\/div>\n\t\t<\/div>\n\t\t\t\t\t<\/div>\n\t\t<\/section>\n\t\t\t\t<section class=\"elementor-section elementor-top-section elementor-element elementor-element-58e9354 elementor-section-boxed elementor-section-height-default elementor-section-height-default\" data-id=\"58e9354\" data-element_type=\"section\" data-e-type=\"section\" data-settings=\"{&quot;_ha_eqh_enable&quot;:false}\">\n\t\t\t\t\t\t<div class=\"elementor-container elementor-column-gap-default\">\n\t\t\t\t\t<div class=\"elementor-column elementor-col-100 elementor-top-column elementor-element elementor-element-bcab286\" data-id=\"bcab286\" data-element_type=\"column\" data-e-type=\"column\">\n\t\t\t<div class=\"elementor-widget-wrap elementor-element-populated\">\n\t\t\t\t\t\t<div class=\"elementor-element elementor-element-9d23115 elementor-widget elementor-widget-ha-pdf-view happy-addon ha-pdf-view\" data-id=\"9d23115\" data-element_type=\"widget\" data-e-type=\"widget\" data-widget_type=\"ha-pdf-view.default\">\n\t\t\t\t<div class=\"elementor-widget-container\">\n\t\t\t\t\t        <div class=\"pdf_viewer_container\">\n            <div class=\"pdf_viewer_options viewer-9d23115\" data-pdf-settings=\"{&quot;unique_id&quot;:&quot;viewer-9d23115&quot;,&quot;pdf_url&quot;:&quot;http:\\\/\\\/ecoleardelay.net\\\/wp-content\\\/uploads\\\/2025\\\/05\\\/REGLEMENT-LOCATION-SALLE-ARDELAY-INTERNET.pdf&quot;,&quot;file_type&quot;:&quot;upload_file&quot;,&quot;page_number&quot;:&quot;1&quot;,&quot;width&quot;:&quot;100%&quot;,&quot;height&quot;:&quot;600px&quot;}\">\n\t\t\t\t<span class=\"ha-title-flex\">\n\t\t\t\t\t<span class=\"pdf-icon\">\n\t\t\t\t\t\t<i aria-hidden=\"true\" class=\"fas fa-file-pdf\"><\/i>\t\t\t\t\t<\/span>\n\t\t\t\t\t\t\t\t\t<\/span>\n\t\t\t\t                <div class=\"pdf-button\">\n                <a href=\"http:\/\/ecoleardelay.net\/wp-content\/uploads\/2025\/05\/REGLEMENT-LOCATION-SALLE-ARDELAY-INTERNET.pdf\" class=\"ha-btn\" download title=\"\">Download<\/a>                <\/div>\n            <\/div>\n\n\t\t\t<div>\n\t\t\t\t<div id=\"viewer-9d23115\"><\/div>\n\t\t\t<\/div>\n\n        <\/div>\n        \t\t\t\t<\/div>\n\t\t\t\t<\/div>\n\t\t\t\t\t<\/div>\n\t\t<\/div>\n\t\t\t\t\t<\/div>\n\t\t<\/section>\n\t\t\t\t<\/div>\n\t\t","protected":false},"excerpt":{"rendered":"<p>ATTENTION: cette salle n&rsquo;a pas vocation \u00e0 \u00eatre lou\u00e9e pour des soir\u00e9es festives. Elle est utilis\u00e9e par les \u00e9l\u00e8ves sur le temps scolaire. Tarifs location 2024-2025 Journ\u00e9e : 150 \u20ac Week-end : 250 \u20ac Le pr\u00e9au Le hall d&rsquo;entr\u00e9e Le coin cuisine Le coin cuisine Download<\/p>\n","protected":false},"author":1,"featured_media":0,"parent":0,"menu_order":0,"comment_status":"closed","ping_status":"closed","template":"","meta":{"site-sidebar-layout":"no-sidebar","site-content-layout":"page-builder","ast-site-content-layout":"default","site-content-style":"default","site-sidebar-style":"default","ast-global-header-display":"","ast-banner-title-visibility":"","ast-main-header-display":"","ast-hfb-above-header-display":"","ast-hfb-below-header-display":"","ast-hfb-mobile-header-display":"","site-post-title":"disabled","ast-breadcrumbs-content":"","ast-featured-img":"disabled","footer-sml-layout":"","ast-disable-related-posts":"","theme-transparent-header-meta":"","adv-header-id-meta":"","stick-header-meta":"","header-above-stick-meta":"","header-main-stick-meta":"","header-below-stick-meta":"","astra-migrate-meta-layouts":"default","ast-page-background-enabled":"default","ast-page-background-meta":{"desktop":{"background-color":"var(--ast-global-color-4)","background-image":"","background-repeat":"repeat","background-position":"center center","background-size":"auto","background-attachment":"scroll","background-type":"","background-media":"","overlay-type":"","overlay-color":"","overlay-opacity":"","overlay-gradient":""},"tablet":{"background-color":"","background-image":"","background-repeat":"repeat","background-position":"center center","background-size":"auto","background-attachment":"scroll","background-type":"","background-media":"","overlay-type":"","overlay-color":"","overlay-opacity":"","overlay-gradient":""},"mobile":{"background-color":"","background-image":"","background-repeat":"repeat","background-position":"center center","background-size":"auto","background-attachment":"scroll","background-type":"","background-media":"","overlay-type":"","overlay-color":"","overlay-opacity":"","overlay-gradient":""}},"ast-content-background-meta":{"desktop":{"background-color":"var(--ast-global-color-5)","background-image":"","background-repeat":"repeat","background-position":"center center","background-size":"auto","background-attachment":"scroll","background-type":"","background-media":"","overlay-type":"","overlay-color":"","overlay-opacity":"","overlay-gradient":""},"tablet":{"background-color":"var(--ast-global-color-5)","background-image":"","background-repeat":"repeat","background-position":"center center","background-size":"auto","background-attachment":"scroll","background-type":"","background-media":"","overlay-type":"","overlay-color":"","overlay-opacity":"","overlay-gradient":""},"mobile":{"background-color":"var(--ast-global-color-5)","background-image":"","background-repeat":"repeat","background-position":"center center","background-size":"auto","background-attachment":"scroll","background-type":"","background-media":"","overlay-type":"","overlay-color":"","overlay-opacity":"","overlay-gradient":""}},"footnotes":""},"class_list":["post-52","page","type-page","status-publish","hentry"],"_links":{"self":[{"href":"https:\/\/ecoleardelay.net\/index.php\/wp-json\/wp\/v2\/pages\/52","targetHints":{"allow":["GET"]}}],"collection":[{"href":"https:\/\/ecoleardelay.net\/index.php\/wp-json\/wp\/v2\/pages"}],"about":[{"href":"https:\/\/ecoleardelay.net\/index.php\/wp-json\/wp\/v2\/types\/page"}],"author":[{"embeddable":true,"href":"https:\/\/ecoleardelay.net\/index.php\/wp-json\/wp\/v2\/users\/1"}],"replies":[{"embeddable":true,"href":"https:\/\/ecoleardelay.net\/index.php\/wp-json\/wp\/v2\/comments?post=52"}],"version-history":[{"count":28,"href":"https:\/\/ecoleardelay.net\/index.php\/wp-json\/wp\/v2\/pages\/52\/revisions"}],"predecessor-version":[{"id":13284,"href":"https:\/\/ecoleardelay.net\/index.php\/wp-json\/wp\/v2\/pages\/52\/revisions\/13284"}],"wp:attachment":[{"href":"https:\/\/ecoleardelay.net\/index.php\/wp-json\/wp\/v2\/media?parent=52"}],"curies":[{"name":"wp","href":"https:\/\/api.w.org\/{rel}","templated":true}]}}